{"id":94,"date":"2019-02-11T08:02:15","date_gmt":"2019-02-11T08:02:15","guid":{"rendered":"http:\/\/grundschule-abbehausen.com\/?page_id=94"},"modified":"2026-02-07T16:08:13","modified_gmt":"2026-02-07T16:08:13","slug":"elternbriefe","status":"publish","type":"page","link":"https:\/\/grundschule-abbehausen.com\/?page_id=94","title":{"rendered":"Antr\u00e4ge und Links"},"content":{"rendered":"\n<p>Liebe Eltern und Erziehungsberechtigte, alle n\u00f6tigen Antr\u00e4ge sind unter dem Men\u00fcpunkt <em>Antr\u00e4ge und Links<\/em> \u00fcbersichtlich in einzelnen Unterpunkten zusammengestellt.<\/p>\n\n\n\n<p><strong>Antr\u00e4ge f\u00fcr Bildung und Teilhabe<\/strong>: <a href=\"https:\/\/grundschule-abbehausen.com\/?page_id=6593\">https:\/\/grundschule-abbehausen.com\/?page_id=6593<\/a><\/p>\n\n\n\n<p><strong>Anmeldung Mittagessen Sams-On: <\/strong><a href=\"https:\/\/grundschule-abbehausen.com\/?page_id=6602\">https:\/\/grundschule-abbehausen.com\/?page_id=6602<\/a><\/p>\n\n\n\n<p><strong>Infohefte:<\/strong> <a href=\"https:\/\/grundschule-abbehausen.com\/?page_id=6597\">https:\/\/grundschule-abbehausen.com\/?page_id=6597<\/a><\/p>\n\n\n\n<p><strong>Hitzefrei:<\/strong> <a href=\"https:\/\/grundschule-abbehausen.com\/?page_id=6600\">https:\/\/grundschule-abbehausen.com\/?page_id=6600<\/a><\/p>\n\n\n\n<p><\/p>\n","protected":false},"excerpt":{"rendered":"<p>Liebe Eltern und Erziehungsberechtigte, alle n\u00f6tigen Antr\u00e4ge sind unter dem Men\u00fcpunkt Antr\u00e4ge und Links \u00fcbersichtlich in einzelnen Unterpunkten zusammengestellt. Antr\u00e4ge f\u00fcr Bildung und Teilhabe: https:\/\/grundschule-abbehausen.com\/?page_id=6593 Anmeldung Mittagessen Sams-On: https:\/\/grundschule-abbehausen.com\/?page_id=6602 Infohefte: [&hellip;]<\/p>\n","protected":false},"author":1,"featured_media":0,"parent":0,"menu_order":0,"comment_status":"closed","ping_status":"closed","template":"single-product","meta":{"saved_in_kubio":true,"footnotes":""},"class_list":["post-94","page","type-page","status-publish","hentry"],"kubio_ai_page_context":{"short_desc":"","purpose":"general"},"_links":{"self":[{"href":"https:\/\/grundschule-abbehausen.com\/index.php?rest_route=\/wp\/v2\/pages\/94","targetHints":{"allow":["GET"]}}],"collection":[{"href":"https:\/\/grundschule-abbehausen.com\/index.php?rest_route=\/wp\/v2\/pages"}],"about":[{"href":"https:\/\/grundschule-abbehausen.com\/index.php?rest_route=\/wp\/v2\/types\/page"}],"author":[{"embeddable":true,"href":"https:\/\/grundschule-abbehausen.com\/index.php?rest_route=\/wp\/v2\/users\/1"}],"replies":[{"embeddable":true,"href":"https:\/\/grundschule-abbehausen.com\/index.php?rest_route=%2Fwp%2Fv2%2Fcomments&post=94"}],"version-history":[{"count":46,"href":"https:\/\/grundschule-abbehausen.com\/index.php?rest_route=\/wp\/v2\/pages\/94\/revisions"}],"predecessor-version":[{"id":6608,"href":"https:\/\/grundschule-abbehausen.com\/index.php?rest_route=\/wp\/v2\/pages\/94\/revisions\/6608"}],"wp:attachment":[{"href":"https:\/\/grundschule-abbehausen.com\/index.php?rest_route=%2Fwp%2Fv2%2Fmedia&parent=94"}],"curies":[{"name":"wp","href":"https:\/\/api.w.org\/{rel}","templated":true}]}}