{"id":6602,"date":"2026-02-07T16:01:37","date_gmt":"2026-02-07T16:01:37","guid":{"rendered":"https:\/\/grundschule-abbehausen.com\/?page_id=6602"},"modified":"2026-02-07T16:10:12","modified_gmt":"2026-02-07T16:10:12","slug":"anmeldung-mittagessen-sams-on","status":"publish","type":"page","link":"https:\/\/grundschule-abbehausen.com\/?page_id=6602","title":{"rendered":"Anmeldung Mittagessen Sams-On"},"content":{"rendered":"\n<p class=\"has-text-align-center\">Hier k\u00f6nnen Sie sich online f\u00fcr Sams-on anmelden. Ihre Daten werden von der Schule bearbeitet und Sie bekommen anschlie\u00dfend alle notwendigen Informationen.<\/p>\n\n\n\n<p><\/p>\n\n\n\n<p class=\"has-text-align-center\"><a href=\"https:\/\/abbehausen.sams-on.de\" target=\"_blank\" rel=\"noreferrer noopener\">Anmeldung Mittagessen<\/a><\/p>\n\n\n\n<p><\/p>\n","protected":false},"excerpt":{"rendered":"<p>Hier k\u00f6nnen Sie sich online f\u00fcr Sams-on anmelden. Ihre Daten werden von der Schule bearbeitet und Sie bekommen anschlie\u00dfend alle notwendigen Informationen. Anmeldung Mittagessen<\/p>\n","protected":false},"author":1,"featured_media":0,"parent":94,"menu_order":0,"comment_status":"closed","ping_status":"closed","template":"single-product","meta":{"saved_in_kubio":false,"footnotes":""},"class_list":["post-6602","page","type-page","status-publish","hentry"],"kubio_ai_page_context":{"short_desc":"","purpose":"general"},"_links":{"self":[{"href":"https:\/\/grundschule-abbehausen.com\/index.php?rest_route=\/wp\/v2\/pages\/6602","targetHints":{"allow":["GET"]}}],"collection":[{"href":"https:\/\/grundschule-abbehausen.com\/index.php?rest_route=\/wp\/v2\/pages"}],"about":[{"href":"https:\/\/grundschule-abbehausen.com\/index.php?rest_route=\/wp\/v2\/types\/page"}],"author":[{"embeddable":true,"href":"https:\/\/grundschule-abbehausen.com\/index.php?rest_route=\/wp\/v2\/users\/1"}],"replies":[{"embeddable":true,"href":"https:\/\/grundschule-abbehausen.com\/index.php?rest_route=%2Fwp%2Fv2%2Fcomments&post=6602"}],"version-history":[{"count":2,"href":"https:\/\/grundschule-abbehausen.com\/index.php?rest_route=\/wp\/v2\/pages\/6602\/revisions"}],"predecessor-version":[{"id":6609,"href":"https:\/\/grundschule-abbehausen.com\/index.php?rest_route=\/wp\/v2\/pages\/6602\/revisions\/6609"}],"up":[{"embeddable":true,"href":"https:\/\/grundschule-abbehausen.com\/index.php?rest_route=\/wp\/v2\/pages\/94"}],"wp:attachment":[{"href":"https:\/\/grundschule-abbehausen.com\/index.php?rest_route=%2Fwp%2Fv2%2Fmedia&parent=6602"}],"curies":[{"name":"wp","href":"https:\/\/api.w.org\/{rel}","templated":true}]}}