{"id":6597,"date":"2026-02-07T16:02:00","date_gmt":"2026-02-07T16:02:00","guid":{"rendered":"https:\/\/grundschule-abbehausen.com\/?page_id=6597"},"modified":"2026-02-07T16:11:49","modified_gmt":"2026-02-07T16:11:49","slug":"infohefte-mit-materialliste","status":"publish","type":"page","link":"https:\/\/grundschule-abbehausen.com\/?page_id=6597","title":{"rendered":"Infohefte mit Materialliste"},"content":{"rendered":"\n<p class=\"has-text-align-center\">In den Infoheften f\u00fcr die Klassen 1-4 finden Sie alle Materialien und B\u00fccherlisten f\u00fcr die einzelnen Klassenstufen.<\/p>\n\n\n\n<p><\/p>\n\n\n\n<p class=\"has-text-align-center\"><a href=\"https:\/\/grundschule-abbehausen.com\/wp-content\/uploads\/2025\/03\/Infoheft-1-5.pdf\" target=\"_blank\" rel=\"noreferrer noopener\">Infoheft 1<\/a><\/p>\n\n\n\n<p class=\"has-text-align-center\"><a href=\"https:\/\/grundschule-abbehausen.com\/wp-content\/uploads\/2025\/06\/Infoheft-2.pdf\" target=\"_blank\" rel=\"noreferrer noopener\">Infoheft 2<\/a><\/p>\n\n\n\n<p class=\"has-text-align-center\"><a href=\"https:\/\/grundschule-abbehausen.com\/wp-content\/uploads\/2025\/03\/Infoheft-3-2.pdf\" target=\"_blank\" rel=\"noreferrer noopener\">Infoheft 3<\/a><\/p>\n\n\n\n<p class=\"has-text-align-center\"><a href=\"https:\/\/grundschule-abbehausen.com\/wp-content\/uploads\/2025\/03\/Infoheft-4-4.pdf\" target=\"_blank\" rel=\"noreferrer noopener\">Infoheft 4<\/a><\/p>\n\n\n\n<p><\/p>\n","protected":false},"excerpt":{"rendered":"<p>In den Infoheften f\u00fcr die Klassen 1-4 finden Sie alle Materialien und B\u00fccherlisten f\u00fcr die einzelnen Klassenstufen. Infoheft 1 Infoheft 2 Infoheft 3 Infoheft 4<\/p>\n","protected":false},"author":1,"featured_media":0,"parent":94,"menu_order":0,"comment_status":"closed","ping_status":"closed","template":"single-product","meta":{"saved_in_kubio":false,"footnotes":""},"class_list":["post-6597","page","type-page","status-publish","hentry"],"kubio_ai_page_context":{"short_desc":"","purpose":"general"},"_links":{"self":[{"href":"https:\/\/grundschule-abbehausen.com\/index.php?rest_route=\/wp\/v2\/pages\/6597","targetHints":{"allow":["GET"]}}],"collection":[{"href":"https:\/\/grundschule-abbehausen.com\/index.php?rest_route=\/wp\/v2\/pages"}],"about":[{"href":"https:\/\/grundschule-abbehausen.com\/index.php?rest_route=\/wp\/v2\/types\/page"}],"author":[{"embeddable":true,"href":"https:\/\/grundschule-abbehausen.com\/index.php?rest_route=\/wp\/v2\/users\/1"}],"replies":[{"embeddable":true,"href":"https:\/\/grundschule-abbehausen.com\/index.php?rest_route=%2Fwp%2Fv2%2Fcomments&post=6597"}],"version-history":[{"count":2,"href":"https:\/\/grundschule-abbehausen.com\/index.php?rest_route=\/wp\/v2\/pages\/6597\/revisions"}],"predecessor-version":[{"id":6612,"href":"https:\/\/grundschule-abbehausen.com\/index.php?rest_route=\/wp\/v2\/pages\/6597\/revisions\/6612"}],"up":[{"embeddable":true,"href":"https:\/\/grundschule-abbehausen.com\/index.php?rest_route=\/wp\/v2\/pages\/94"}],"wp:attachment":[{"href":"https:\/\/grundschule-abbehausen.com\/index.php?rest_route=%2Fwp%2Fv2%2Fmedia&parent=6597"}],"curies":[{"name":"wp","href":"https:\/\/api.w.org\/{rel}","templated":true}]}}