{"id":6593,"date":"2026-02-07T16:00:48","date_gmt":"2026-02-07T16:00:48","guid":{"rendered":"https:\/\/grundschule-abbehausen.com\/?page_id=6593"},"modified":"2026-02-07T16:11:18","modified_gmt":"2026-02-07T16:11:18","slug":"antraege-fuer-bildung-und-teilhabe","status":"publish","type":"page","link":"https:\/\/grundschule-abbehausen.com\/?page_id=6593","title":{"rendered":"Antr\u00e4ge f\u00fcr Bildung und Teilhabe"},"content":{"rendered":"\n<p class=\"has-text-align-center\">Liebe Eltern und Erziehungsberechtigte, <\/p>\n\n\n\n<p class=\"has-text-align-center\">hier finden Sie die Antr\u00e4ge f\u00fcr Bildung und Teilhabe. Wenn Sie Anspruch auf BUT haben, f\u00fcllen Sie bitte zuerst den Globalantrag aus und danach die Antr\u00e4ge f\u00fcr das Mittagessen und\/oder die Lernf\u00f6rderung. Bei Fragen melden Sie sich gerne bei uns im B\u00fcro.<\/p>\n\n\n\n<p><\/p>\n\n\n\n<p class=\"has-text-align-center\"><a href=\"https:\/\/grundschule-abbehausen.com\/wp-content\/uploads\/2023\/03\/BUT-Globalantrag-2.pdf\" target=\"_blank\" rel=\"noreferrer noopener\">BUT &#8211; Globalantrag-2<\/a><\/p>\n\n\n\n<p class=\"has-text-align-center\"><a href=\"https:\/\/grundschule-abbehausen.com\/wp-content\/uploads\/2023\/03\/Lernfoerderung-Bestaetigung-der-Schule-2023.pdf\" target=\"_blank\" rel=\"noreferrer noopener\">BUT &#8211; Lernf\u00f6rderung<\/a><\/p>\n\n\n\n<p class=\"has-text-align-center\"><a href=\"https:\/\/grundschule-abbehausen.com\/wp-content\/uploads\/2023\/03\/Anlage-2-Mittagessen-03_2022_ausfuellbar.pdf\" target=\"_blank\" rel=\"noreferrer noopener\">BUT &#8211; Mittagessen<\/a><\/p>\n\n\n\n<p><\/p>\n","protected":false},"excerpt":{"rendered":"<p>Liebe Eltern und Erziehungsberechtigte, hier finden Sie die Antr\u00e4ge f\u00fcr Bildung und Teilhabe. Wenn Sie Anspruch auf BUT haben, f\u00fcllen Sie bitte zuerst den Globalantrag aus und danach die Antr\u00e4ge [&hellip;]<\/p>\n","protected":false},"author":1,"featured_media":0,"parent":94,"menu_order":0,"comment_status":"closed","ping_status":"closed","template":"single-product","meta":{"saved_in_kubio":false,"footnotes":""},"class_list":["post-6593","page","type-page","status-publish","hentry"],"kubio_ai_page_context":{"short_desc":"","purpose":"general"},"_links":{"self":[{"href":"https:\/\/grundschule-abbehausen.com\/index.php?rest_route=\/wp\/v2\/pages\/6593","targetHints":{"allow":["GET"]}}],"collection":[{"href":"https:\/\/grundschule-abbehausen.com\/index.php?rest_route=\/wp\/v2\/pages"}],"about":[{"href":"https:\/\/grundschule-abbehausen.com\/index.php?rest_route=\/wp\/v2\/types\/page"}],"author":[{"embeddable":true,"href":"https:\/\/grundschule-abbehausen.com\/index.php?rest_route=\/wp\/v2\/users\/1"}],"replies":[{"embeddable":true,"href":"https:\/\/grundschule-abbehausen.com\/index.php?rest_route=%2Fwp%2Fv2%2Fcomments&post=6593"}],"version-history":[{"count":4,"href":"https:\/\/grundschule-abbehausen.com\/index.php?rest_route=\/wp\/v2\/pages\/6593\/revisions"}],"predecessor-version":[{"id":6611,"href":"https:\/\/grundschule-abbehausen.com\/index.php?rest_route=\/wp\/v2\/pages\/6593\/revisions\/6611"}],"up":[{"embeddable":true,"href":"https:\/\/grundschule-abbehausen.com\/index.php?rest_route=\/wp\/v2\/pages\/94"}],"wp:attachment":[{"href":"https:\/\/grundschule-abbehausen.com\/index.php?rest_route=%2Fwp%2Fv2%2Fmedia&parent=6593"}],"curies":[{"name":"wp","href":"https:\/\/api.w.org\/{rel}","templated":true}]}}