{"id":52,"date":"2019-02-08T10:01:01","date_gmt":"2019-02-08T10:01:01","guid":{"rendered":"http:\/\/grundschule-abbehausen.com\/?page_id=52"},"modified":"2026-02-07T15:34:24","modified_gmt":"2026-02-07T15:34:24","slug":"foerderverein","status":"publish","type":"page","link":"https:\/\/grundschule-abbehausen.com\/?page_id=52","title":{"rendered":"F\u00f6rderverein"},"content":{"rendered":"\n\n\n<p class=\"has-text-align-center\"><strong>Liebe Eltern und Erziehungsberechtigte,<\/strong><\/p>\n\n\n\n<p class=\"has-text-align-center\"><strong>Liebe Kinder und Freunde der Grundschule Abbehausen,<\/strong><\/p>\n\n\n\n<p><\/p>\n\n\n\n<p class=\"has-text-align-center\">Der F\u00f6rderverein der Grundschule Abbehausen e.V. arbeitet ehrenamtlich und unterst\u00fctzt seit mehr als 20 Jahren die F\u00f6rderung der Arbeit, der Ausbildung und der Betreuung der Kinder an der Grundschule Abbehausen. <\/p>\n\n\n\n<p><\/p>\n\n\n\n<p class=\"has-text-align-center\"><strong>Was hei\u00dft das konkret<\/strong>?<\/p>\n\n\n\n<p><\/p>\n\n\n\n<p class=\"has-text-align-center\">Mit Hilfe Ihrer Beitr\u00e4ge und gesammelter Spenden springt der F\u00f6rderverein da ein, wo die Haushaltsmittel der Schule ihre Grenzen haben. <\/p>\n\n\n\n<p><\/p>\n\n\n\n<p class=\"has-text-align-center\"><strong>Dazu z\u00e4hlt z.B.:<\/strong><\/p>\n\n\n\n<p class=\"has-text-align-center\">\u2022 Unterst\u00fctzung der Projektwochen, z.B. Kinderzirkus, Trommelzauber&#8230;<\/p>\n\n\n\n<p class=\"has-text-align-center\">\u2022 Mobiles Kino in der Schule <\/p>\n\n\n\n<p class=\"has-text-align-center\">\u2022 Finanzielle Unterst\u00fctzung von Schulfahrten<\/p>\n\n\n\n<p class=\"has-text-align-center\">\u2022 Bereitstellung von Exponaten der Mini Ph\u00e4nomenta \u2013 Experimentieren und Forschen in der Schule<\/p>\n\n\n\n<p class=\"has-text-align-center\">\u2022 Gestaltung des Schulgartens\/ gr\u00fcnes Klassenzimmer<\/p>\n\n\n\n<p class=\"has-text-align-center\">\u2022 Musikinstrumente f\u00fcr den Musikunterricht und die Arbeitsgemeinschaften im Ganztag<\/p>\n\n\n\n<p class=\"has-text-align-center\">\u2022 Spielger\u00e4te f\u00fcr die Betreuungs- und Pausenzeit<\/p>\n\n\n\n<p><\/p>\n\n\n\n<p class=\"has-text-align-center\">Das <strong>Ziel<\/strong> des F\u00f6rdervereins ist es, die <strong>Gemeinschaft<\/strong> und das <strong>Schulleben<\/strong> durch<strong> besondere Aktionen<\/strong> zu st\u00e4rken und zu unterst\u00fctzen!<\/p>\n\n\n\n<p class=\"has-text-align-center\"><strong>Helfen kann so einfach sein! Werden auch Sie Mitglied!<\/strong><\/p>\n\n\n\n<p><\/p>\n\n\n\n<p><\/p>\n\n\n\n<p><em><strong>Ein kleiner Einblick \u00fcber unsere bisherigen Aktivit\u00e4ten:<\/strong><\/em><\/p>\n\n\n\n<ul class=\"wp-block-list\">\n<li> <a href=\"https:\/\/www.nord24.de\/wesermarsch\/Verein-unterstuetzt-das-Schulleben-seit-20-Jahren-43271.html\">https:\/\/www.nord24.de\/wesermarsch\/Verein-unterstuetzt-das-Schulleben-seit-20-Jahren-43271.html<\/a> <\/li>\n<\/ul>\n\n\n\n<p><\/p>\n\n\n\n<ul class=\"wp-block-list\">\n<li><a href=\"https:\/\/www.nwzonline.de\/wesermarsch\/bildung\/abbehausen-grundschule-eine-woche-lang-ist-fuer-die-kinder-afrika-ganz-nah_a_50,7,1721117125.html\">https:\/\/www.nwzonline.de\/wesermarsch\/bildung\/abbehausen-grundschule-eine-woche-lang-ist-fuer-die-kinder-afrika-ganz-nah_a_50,7,1721117125.html<\/a> <\/li>\n<\/ul>\n\n\n\n<p><\/p>\n\n\n\n<ul class=\"wp-block-list\">\n<li> <a href=\"https:\/\/www.nwzonline.de\/wesermarsch\/bildung\/abbehausen-grundschule-abbehausen-erste-gemeinsame-fahrt-fuer-alle-klassen_a_50,6,2740194391.html\">https:\/\/www.nwzonline.de\/wesermarsch\/bildung\/abbehausen-grundschule-abbehausen-erste-gemeinsame-fahrt-fuer-alle-klassen_a_50,6,2740194391.html<\/a> <\/li>\n<\/ul>\n\n\n\n<p><\/p>\n\n\n\n<ul class=\"wp-block-list\">\n<li> <a href=\"https:\/\/www.nwzonline.de\/wesermarsch\/wirtschaft\/butjadingen-raiffeisenbank-butjadingen-abbehausen-so-viel-geld-wie-diesmal-gabs-noch-nie_a_50,7,1300941427.html\">https:\/\/www.nwzonline.de\/wesermarsch\/wirtschaft\/butjadingen-raiffeisenbank-butjadingen-abbehausen-so-viel-geld-wie-diesmal-gabs-noch-nie_a_50,7,1300941427.html<\/a> <\/li>\n<\/ul>\n\n\n\n<p><\/p>\n\n\n\n<ul class=\"wp-block-list\">\n<li> <a href=\"https:\/\/www.nord24.de\/wesermarsch\/Nordenham-Premium-Aerotec-spendet-21700-Euro-34257.html\">https:\/\/www.nord24.de\/wesermarsch\/Nordenham-Premium-Aerotec-spendet-21700-Euro-34257.html<\/a> <\/li>\n<\/ul>\n\n\n\n<p><\/p>\n\n\n\n<p>Sie erreichen uns per E- Mail unter foerderverein@grundschule-abbehausen.com.<\/p>\n\n\n\n<p class=\"has-text-align-center\">Jasmin Mehrtens &amp; Diana Conje<\/p>\n\n\n\n<p><\/p>\n\n\n\n<p class=\"has-text-align-center\"><\/p>\n\n\n\n<div data-wp-interactive=\"core\/file\" class=\"wp-block-file aligncenter\"><object data-wp-bind--hidden=\"!state.hasPdfPreview\" hidden class=\"wp-block-file__embed\" data=\"https:\/\/grundschule-abbehausen.com\/wp-content\/uploads\/2025\/11\/20250910-Beitrittserklaerung-4.pdf\" type=\"application\/pdf\" style=\"width:100%;height:400px\" aria-label=\"Einbettung von 20250910 Beitrittserkl\u00e4rung.\"><\/object><a id=\"wp-block-file--media-517f1df0-eba9-42e6-9c8d-1843f6d1c21c\" href=\"https:\/\/grundschule-abbehausen.com\/wp-content\/uploads\/2025\/11\/20250910-Beitrittserklaerung-4.pdf\">20250910 Beitrittserkl\u00e4rung<\/a><a href=\"https:\/\/grundschule-abbehausen.com\/wp-content\/uploads\/2025\/11\/20250910-Beitrittserklaerung-4.pdf\" class=\"wp-block-file__button wp-element-button\" download aria-describedby=\"wp-block-file--media-517f1df0-eba9-42e6-9c8d-1843f6d1c21c\">Herunterladen<\/a><\/div>\n","protected":false},"excerpt":{"rendered":"<p>Liebe Eltern und Erziehungsberechtigte, Liebe Kinder und Freunde der Grundschule Abbehausen, Der F\u00f6rderverein der Grundschule Abbehausen e.V. arbeitet ehrenamtlich und unterst\u00fctzt seit mehr als 20 Jahren die F\u00f6rderung der Arbeit, [&hellip;]<\/p>\n","protected":false},"author":1,"featured_media":857,"parent":0,"menu_order":0,"comment_status":"closed","ping_status":"closed","template":"single-product","meta":{"saved_in_kubio":true,"footnotes":""},"class_list":["post-52","page","type-page","status-publish","has-post-thumbnail","hentry"],"kubio_ai_page_context":{"short_desc":"","purpose":"general"},"_links":{"self":[{"href":"https:\/\/grundschule-abbehausen.com\/index.php?rest_route=\/wp\/v2\/pages\/52","targetHints":{"allow":["GET"]}}],"collection":[{"href":"https:\/\/grundschule-abbehausen.com\/index.php?rest_route=\/wp\/v2\/pages"}],"about":[{"href":"https:\/\/grundschule-abbehausen.com\/index.php?rest_route=\/wp\/v2\/types\/page"}],"author":[{"embeddable":true,"href":"https:\/\/grundschule-abbehausen.com\/index.php?rest_route=\/wp\/v2\/users\/1"}],"replies":[{"embeddable":true,"href":"https:\/\/grundschule-abbehausen.com\/index.php?rest_route=%2Fwp%2Fv2%2Fcomments&post=52"}],"version-history":[{"count":57,"href":"https:\/\/grundschule-abbehausen.com\/index.php?rest_route=\/wp\/v2\/pages\/52\/revisions"}],"predecessor-version":[{"id":6586,"href":"https:\/\/grundschule-abbehausen.com\/index.php?rest_route=\/wp\/v2\/pages\/52\/revisions\/6586"}],"wp:featuredmedia":[{"embeddable":true,"href":"https:\/\/grundschule-abbehausen.com\/index.php?rest_route=\/wp\/v2\/media\/857"}],"wp:attachment":[{"href":"https:\/\/grundschule-abbehausen.com\/index.php?rest_route=%2Fwp%2Fv2%2Fmedia&parent=52"}],"curies":[{"name":"wp","href":"https:\/\/api.w.org\/{rel}","templated":true}]}}