{"id":1147,"date":"2020-12-14T10:15:58","date_gmt":"2020-12-14T10:15:58","guid":{"rendered":"http:\/\/grundschule-abbehausen.com\/?page_id=1147"},"modified":"2026-01-20T11:54:34","modified_gmt":"2026-01-20T11:54:34","slug":"krankmeldung","status":"publish","type":"page","link":"https:\/\/grundschule-abbehausen.com\/?page_id=1147","title":{"rendered":"Krankmeldung"},"content":{"rendered":"\n<p>Liebe Eltern und Erziehungsberechtigte,<\/p>\n\n\n\n<p>bitte beachten Sie, dass Krankmeldungen ab sofort\u00a0<strong>nicht mehr \u00fcber die Schulwebsite<\/strong>, sondern\u00a0<strong>ausschlie\u00dflich \u00fcber IServ<\/strong>\u00a0erfolgen k\u00f6nnen.<\/p>\n\n\n\n<p>Vielen Dank f\u00fcr Ihr Verst\u00e4ndnis und Ihre Unterst\u00fctzung.<\/p>\n","protected":false},"excerpt":{"rendered":"<p>Liebe Eltern und Erziehungsberechtigte, bitte beachten Sie, dass Krankmeldungen ab sofort\u00a0nicht mehr \u00fcber die Schulwebsite, sondern\u00a0ausschlie\u00dflich \u00fcber IServ\u00a0erfolgen k\u00f6nnen. Vielen Dank f\u00fcr Ihr Verst\u00e4ndnis und Ihre Unterst\u00fctzung.<\/p>\n","protected":false},"author":1,"featured_media":0,"parent":0,"menu_order":0,"comment_status":"closed","ping_status":"closed","template":"single-product","meta":{"saved_in_kubio":false,"footnotes":""},"class_list":["post-1147","page","type-page","status-publish","hentry"],"kubio_ai_page_context":{"short_desc":"","purpose":"general"},"_links":{"self":[{"href":"https:\/\/grundschule-abbehausen.com\/index.php?rest_route=\/wp\/v2\/pages\/1147","targetHints":{"allow":["GET"]}}],"collection":[{"href":"https:\/\/grundschule-abbehausen.com\/index.php?rest_route=\/wp\/v2\/pages"}],"about":[{"href":"https:\/\/grundschule-abbehausen.com\/index.php?rest_route=\/wp\/v2\/types\/page"}],"author":[{"embeddable":true,"href":"https:\/\/grundschule-abbehausen.com\/index.php?rest_route=\/wp\/v2\/users\/1"}],"replies":[{"embeddable":true,"href":"https:\/\/grundschule-abbehausen.com\/index.php?rest_route=%2Fwp%2Fv2%2Fcomments&post=1147"}],"version-history":[{"count":3,"href":"https:\/\/grundschule-abbehausen.com\/index.php?rest_route=\/wp\/v2\/pages\/1147\/revisions"}],"predecessor-version":[{"id":6550,"href":"https:\/\/grundschule-abbehausen.com\/index.php?rest_route=\/wp\/v2\/pages\/1147\/revisions\/6550"}],"wp:attachment":[{"href":"https:\/\/grundschule-abbehausen.com\/index.php?rest_route=%2Fwp%2Fv2%2Fmedia&parent=1147"}],"curies":[{"name":"wp","href":"https:\/\/api.w.org\/{rel}","templated":true}]}}